{"id":2,"date":"2024-10-01T15:23:32","date_gmt":"2024-10-01T13:23:32","guid":{"rendered":"https:\/\/die-luftgekuehlten-aus-hardert.de\/kaefer\/?page_id=2"},"modified":"2024-10-11T11:33:05","modified_gmt":"2024-10-11T09:33:05","slug":"club","status":"publish","type":"page","link":"https:\/\/die-luftgekuehlten-aus-hardert.de\/kaefer\/","title":{"rendered":"Das sind wir"},"content":{"rendered":"\n<p><strong>[ <a href=\"https:\/\/die-luftgekuehlten-aus-hardert.de\/kaefer\/vorstand\/\" data-type=\"page\" data-id=\"76\">Vorstand<\/a> | <a href=\"https:\/\/die-luftgekuehlten-aus-hardert.de\/kaefer\/vereinslokal\/\" data-type=\"page\" data-id=\"81\">Vereinslokal<\/a> | <a href=\"https:\/\/die-luftgekuehlten-aus-hardert.de\/kaefer\/mitglied-werden\/\" data-type=\"page\" data-id=\"86\">Mitglied werden<\/a> | <a href=\"https:\/\/die-luftgekuehlten-aus-hardert.de\/kaefer\/satzung\/\" data-type=\"page\" data-id=\"117\">Satzung<\/a> ]<\/strong><\/p>\n\n\n\n<p>Wir treffen uns regelm\u00e4\u00dfig zwanglos in lockerer Runde zum <strong>Stammtisch:<\/strong> Kl\u00f6nen, Benzingespr\u00e4che, Termine und Treffen planen und vorbereiten.<\/p>\n\n\n\n<ul class=\"wp-block-list\">\n<li>Dabei k\u00f6nnen wir uns auch kulinarischen Gen\u00fcssen widmen&#8230;<\/li>\n\n\n\n<li>An jedem <strong>ersten Freitag im Monat um 19:00 Uhr<\/strong>. (au\u00dfer an Feiertagen)<\/li>\n\n\n\n<li>In unserem <a href=\".\/vereinslokal\/\" data-type=\"page\" data-id=\"81\">Vereinslokal<\/a>:<\/li>\n<\/ul>\n\n\n\n<p class=\"has-text-align-center\">Fr\u00fch im Landratsgarten<br>Landratsgarten 25<br>56564 Neuwied<\/p>\n\n\n\n<p>Im Fr\u00fchling machen wir unsere Saisoner\u00f6ffnungsfahrt und im fr\u00fchen Herbst eine entsprechende Saisonabschlussfahrt, in der Regel jeweils an einem Sonntag.<\/p>\n\n\n\n<p>Im Winter findet eine Wanderung und unsere allj\u00e4hrliche Jahreshauptversammlung statt.<\/p>\n\n\n\n<p>Wir besuchen andere K\u00e4fer- bzw. Luftgek\u00fchlte-Treffen, Oldtimertreffen, Teilem\u00e4rkte und Messen.<\/p>\n","protected":false},"excerpt":{"rendered":"<p>[ Vorstand | Vereinslokal | Mitglied werden | Satzung ] Wir treffen uns regelm\u00e4\u00dfig zwanglos in lockerer Runde zum Stammtisch: Kl\u00f6nen, Benzingespr\u00e4che, Termine und Treffen planen und vorbereiten. Fr\u00fch im LandratsgartenLandratsgarten 2556564 Neuwied Im Fr\u00fchling machen wir unsere Saisoner\u00f6ffnungsfahrt und im fr\u00fchen Herbst eine entsprechende Saisonabschlussfahrt, in der Regel jeweils an einem Sonntag. Im Winter [&hellip;]<\/p>\n","protected":false},"author":1,"featured_media":0,"parent":0,"menu_order":0,"comment_status":"closed","ping_status":"open","template":"","meta":{"footnotes":""},"class_list":["post-2","page","type-page","status-publish","hentry"],"_links":{"self":[{"href":"https:\/\/die-luftgekuehlten-aus-hardert.de\/kaefer\/wp-json\/wp\/v2\/pages\/2","targetHints":{"allow":["GET"]}}],"collection":[{"href":"https:\/\/die-luftgekuehlten-aus-hardert.de\/kaefer\/wp-json\/wp\/v2\/pages"}],"about":[{"href":"https:\/\/die-luftgekuehlten-aus-hardert.de\/kaefer\/wp-json\/wp\/v2\/types\/page"}],"author":[{"embeddable":true,"href":"https:\/\/die-luftgekuehlten-aus-hardert.de\/kaefer\/wp-json\/wp\/v2\/users\/1"}],"replies":[{"embeddable":true,"href":"https:\/\/die-luftgekuehlten-aus-hardert.de\/kaefer\/wp-json\/wp\/v2\/comments?post=2"}],"version-history":[{"count":12,"href":"https:\/\/die-luftgekuehlten-aus-hardert.de\/kaefer\/wp-json\/wp\/v2\/pages\/2\/revisions"}],"predecessor-version":[{"id":290,"href":"https:\/\/die-luftgekuehlten-aus-hardert.de\/kaefer\/wp-json\/wp\/v2\/pages\/2\/revisions\/290"}],"wp:attachment":[{"href":"https:\/\/die-luftgekuehlten-aus-hardert.de\/kaefer\/wp-json\/wp\/v2\/media?parent=2"}],"curies":[{"name":"wp","href":"https:\/\/api.w.org\/{rel}","templated":true}]}}